{"id":13193,"date":"2025-02-14T12:10:41","date_gmt":"2025-02-14T12:10:41","guid":{"rendered":"https:\/\/www.matura-home.es\/?page_id=13193"},"modified":"2025-02-15T06:51:49","modified_gmt":"2025-02-15T06:51:49","slug":"cart","status":"publish","type":"page","link":"https:\/\/www.matura-home.es\/es\/cart\/","title":{"rendered":"Cart"},"content":{"rendered":"\t\t\n\t\t\t\t\t\t<!--open container-->\n\t\t\t\t\t\t\t<!--open column-1-->\n<form action=\"https:\/\/www.matura-home.es\/cart\/\" method=\"post\">\n\t\t\t\t\t\t<!--open shop table div -->\n\t<table cellspacing=\"0\">\n\t\t<thead>\n\t\t\t<tr>\n\t\t\t\t<th>Eliminar art\u00edculo<\/th>\n\t\t\t\t<th>Imagen en miniatura<\/th>\n\t\t\t\t<th>Producto<\/th>\n\t\t\t\t<th>Precio<\/th>\n\t\t\t\t<th>Cantidad<\/th>\n\t\t\t\t<th>Subtotal<\/th>\n\t\t\t<\/tr>\n\t\t<\/thead>\n\t\t<tbody>\n\t\t\t\t\t\t\t\t<tr>\n\t\t\t\t\t\t<td>\n\t\t\t\t\t\t\t<a href=\"https:\/\/www.matura-home.es\/cart\/?remove_item=e6c4449bcfd592112d927f85d4d44e60&#038;_wpnonce=fb09c9d5a6\" aria-label=\"Eliminar MATO1508 del carrito\" data-product_id=\"13119\" data-product_sku=\"\">&times;<\/a>\t\t\t\t\t\t<\/td>\n\t\t\t\t\t\t<td>\n\t\t\t\t\t\t<a href=\"https:\/\/www.matura-home.es\/product\/mato1508\/\"><img loading=\"lazy\" width=\"300\" height=\"300\" src=\"https:\/\/www.matura-home.es\/wp-content\/uploads\/2025\/02\/image-bg-re-300x300.png\" alt=\"\" decoding=\"async\" srcset=\"https:\/\/www.matura-home.es\/wp-content\/uploads\/2025\/02\/image-bg-re-300x300.png 300w, https:\/\/www.matura-home.es\/wp-content\/uploads\/2025\/02\/image-bg-re-150x150.png 150w, https:\/\/www.matura-home.es\/wp-content\/uploads\/2025\/02\/image-bg-re-100x100.png 100w\" sizes=\"(max-width: 300px) 100vw, 300px\" \/><\/a>\t\t\t\t\t\t<\/td>\n\t\t\t\t\t\t<td data-title=\"Producto\">\n\t\t\t\t\t\t<a href=\"https:\/\/www.matura-home.es\/product\/mato1508\/\">MATO1508<\/a>\t\t\t\t\t\t<\/td>\n\t\t\t\t\t\t<td data-title=\"Precio\">\n\t\t\t\t\t\t\t<bdi>&#36;100.00<\/bdi>\t\t\t\t\t\t<\/td>\n\t\t\t\t\t\t<td data-title=\"Cantidad\">\n\t\t<label for=\"quantity_67b039853b833\">MATO1508 cantidad<\/label>\n\t<input\n\t\ttype=\"number\"\n\t\t\t\tid=\"quantity_67b039853b833\"\n\t\tclass=\"input-text qty text\"\n\t\tname=\"cart[e6c4449bcfd592112d927f85d4d44e60][qty]\"\n\t\tvalue=\"1\"\n\t\taria-label=\"Cantidad de productos\"\n\t\t\t\tmin=\"0\"\n\t\tmax=\"\"\n\t\t\t\t\tstep=\"1\"\n\t\t\tplaceholder=\"\"\n\t\t\tinputmode=\"numeric\"\n\t\t\tautocomplete=\"off\"\n\t\t\t\/>\n\t\t\t\t\t\t<\/td>\n\t\t\t\t\t\t<td data-title=\"Subtotal\">\n\t\t\t\t\t\t\t<bdi>&#36;100.00<\/bdi>\t\t\t\t\t\t<\/td>\n\t\t\t\t\t<\/tr>\n\t\t\t\t\t\t\t\t\t\t<tr>\n\t\t\t\t\t\t<td>\n\t\t\t\t\t\t\t<a href=\"https:\/\/www.matura-home.es\/cart\/?remove_item=74890305f6e5581d18ccfdbc2dbd7939&#038;_wpnonce=fb09c9d5a6\" aria-label=\"Eliminar MATO1509 del carrito\" data-product_id=\"13121\" data-product_sku=\"\">&times;<\/a>\t\t\t\t\t\t<\/td>\n\t\t\t\t\t\t<td>\n\t\t\t\t\t\t<a href=\"https:\/\/www.matura-home.es\/product\/mato1509\/\"><img loading=\"lazy\" width=\"300\" height=\"300\" src=\"https:\/\/www.matura-home.es\/wp-content\/uploads\/2025\/02\/image-bg-re-300x300.png\" alt=\"\" decoding=\"async\" srcset=\"https:\/\/www.matura-home.es\/wp-content\/uploads\/2025\/02\/image-bg-re-300x300.png 300w, https:\/\/www.matura-home.es\/wp-content\/uploads\/2025\/02\/image-bg-re-150x150.png 150w, https:\/\/www.matura-home.es\/wp-content\/uploads\/2025\/02\/image-bg-re-100x100.png 100w\" sizes=\"(max-width: 300px) 100vw, 300px\" \/><\/a>\t\t\t\t\t\t<\/td>\n\t\t\t\t\t\t<td data-title=\"Producto\">\n\t\t\t\t\t\t<a href=\"https:\/\/www.matura-home.es\/product\/mato1509\/\">MATO1509<\/a>\t\t\t\t\t\t<\/td>\n\t\t\t\t\t\t<td data-title=\"Precio\">\n\t\t\t\t\t\t\t<bdi>&#36;100.00<\/bdi>\t\t\t\t\t\t<\/td>\n\t\t\t\t\t\t<td data-title=\"Cantidad\">\n\t\t<label for=\"quantity_67b039853bc2b\">MATO1509 cantidad<\/label>\n\t<input\n\t\ttype=\"number\"\n\t\t\t\tid=\"quantity_67b039853bc2b\"\n\t\tclass=\"input-text qty text\"\n\t\tname=\"cart[74890305f6e5581d18ccfdbc2dbd7939][qty]\"\n\t\tvalue=\"1\"\n\t\taria-label=\"Cantidad de productos\"\n\t\t\t\tmin=\"0\"\n\t\tmax=\"\"\n\t\t\t\t\tstep=\"1\"\n\t\t\tplaceholder=\"\"\n\t\t\tinputmode=\"numeric\"\n\t\t\tautocomplete=\"off\"\n\t\t\t\/>\n\t\t\t\t\t\t<\/td>\n\t\t\t\t\t\t<td data-title=\"Subtotal\">\n\t\t\t\t\t\t\t<bdi>&#36;100.00<\/bdi>\t\t\t\t\t\t<\/td>\n\t\t\t\t\t<\/tr>\n\t\t\t<tr>\n\t\t\t\t<td colspan=\"6\">\n\t\t\t\t\t<button type=\"submit\" name=\"update_cart\" value=\"\"><\/button>\n\t\t\t\t\t<input type=\"hidden\" id=\"woocommerce-cart-nonce\" name=\"woocommerce-cart-nonce\" value=\"fb09c9d5a6\" \/><input type=\"hidden\" name=\"_wp_http_referer\" value=\"\/wp-admin\/admin-ajax.php\" \/>\t\t\t\t<\/td>\n\t\t\t<\/tr>\n\t\t\t\t\t<\/tbody>\n\t<\/table>\n\t\t\t\t\t<!--close shop table div -->\n\t\t\t\t\t<input type=\"text\" name=\"coupon_code\" id=\"coupon_code\" value=\"\" placeholder=\"Coupon code\" \/>\n\t\t\t\t\t<button name=\"apply_coupon\" type=\"submit\" value=\"Aplicar cup\u00f3n\">Aplicar cup\u00f3n<\/button>\n\t\t<\/form>\n\t\t\t\t\t\t<!--close column-1-->\n\t\t\t\t\t\t\t<!--open column-2-->\n\t\t\t\t\t\t\t\t\t<!--open column-inner-->\n\t\t\t\t\t\t\t\t\t\t<!--open cart-totals-->\n\t<h2>Totales del carrito<\/h2>\n\t<table cellspacing=\"0\">\n\t\t<tr>\n\t\t\t<th>Subtotal<\/th>\n\t\t\t<td data-title=\"Subtotal\"><bdi>&#36;200.00<\/bdi><\/td>\n\t\t<\/tr>\n\t\t<tr>\n\t\t\t<th>Total<\/th>\n\t\t\t<td data-title=\"Total\"><strong><bdi>&#36;200.00<\/bdi><\/strong> <\/td>\n\t\t<\/tr>\n\t<\/table>\n<a href=\"https:\/\/www.matura-home.es\/check-out\/\">\n\tPasar por la caja<\/a>\n\t\t\t\t\t\t\t\t\t<!--close cart-totals-->\n\t\t\t\t\t\t\t\t\t<!--close column-inner-->\n\t\t\t\t\t\t\t<!--close column-2-->\n\t\t\t\t\t\t<!--close container-->\n\t\t\t\t\t<h2>Datos personales\n<\/h2>\t\t\t\t\n\t\t\t\t\t<h2>Productos presentados\n<\/h2>\t\t\t\t\n\t\t\t\t\t\t\t\t\t\t\t\t\t\t\t<img loading=\"lazy\" decoding=\"async\" width=\"1024\" height=\"1024\" src=\"https:\/\/www.matura-home.es\/wp-content\/uploads\/2025\/02\/5-min-2-scaled-1-1024x1024.jpg\" alt=\"\" srcset=\"https:\/\/www.matura-home.es\/wp-content\/uploads\/2025\/02\/5-min-2-scaled-1-1024x1024.jpg 1024w, https:\/\/www.matura-home.es\/wp-content\/uploads\/2025\/02\/5-min-2-scaled-1-300x300.jpg 300w, https:\/\/www.matura-home.es\/wp-content\/uploads\/2025\/02\/5-min-2-scaled-1-150x150.jpg 150w, https:\/\/www.matura-home.es\/wp-content\/uploads\/2025\/02\/5-min-2-scaled-1-768x768.jpg 768w, https:\/\/www.matura-home.es\/wp-content\/uploads\/2025\/02\/5-min-2-scaled-1-1536x1536.jpg 1536w, https:\/\/www.matura-home.es\/wp-content\/uploads\/2025\/02\/5-min-2-scaled-1-1080x1080.jpg 1080w, https:\/\/www.matura-home.es\/wp-content\/uploads\/2025\/02\/5-min-2-scaled-1-1280x1280.jpg 1280w, https:\/\/www.matura-home.es\/wp-content\/uploads\/2025\/02\/5-min-2-scaled-1-980x980.jpg 980w, https:\/\/www.matura-home.es\/wp-content\/uploads\/2025\/02\/5-min-2-scaled-1-480x480.jpg 480w, https:\/\/www.matura-home.es\/wp-content\/uploads\/2025\/02\/5-min-2-scaled-1-600x600.jpg 600w, https:\/\/www.matura-home.es\/wp-content\/uploads\/2025\/02\/5-min-2-scaled-1-100x100.jpg 100w, https:\/\/www.matura-home.es\/wp-content\/uploads\/2025\/02\/5-min-2-scaled-1.jpg 1920w\" sizes=\"(max-width: 1024px) 100vw, 1024px\" \/>\t\t\t\t\t\t\t\t\t\t\t\t\t\t\t\n\t\t\t\t\t\t\t\t\t<h3>\n\t\t\t\t\t\t\t(4,8) 23 ocen\t\t\t\t\t\t\n\t\t\t\t\t<\/h3>\n\t\t\t\t\t<h2>OMB7011PY<\/h2>\t\t\t\t\n\t\t\t\t\t<h2>Construido en\n<\/h2>\t\t\t\t\n\t\tVe\u010dnamenska pe\u010dica\nV\u0161e\u010d vam bo udobje, ki ga\nzagotavlja na\u0161 nadzorni sistem z\nzaslonom LED na dotik. \t\t\n\t\t\t\t\t<a role=\"button\">\n\t\t\t\t\t\t\t\t\tA\u00f1adir a la cesta\n\t\t\t\t\t<\/a>\n\t\t\t\t\t<a href=\"#\">\n\t\t\t\t\t\t\t\t\tM\u00e1s detalles\n\t\t\t\t\t<\/a>\n\t\t\t\t\t\t\t\t\t\t\t\t\t\t\t<img loading=\"lazy\" decoding=\"async\" width=\"1024\" height=\"1024\" src=\"https:\/\/www.matura-home.es\/wp-content\/uploads\/2025\/02\/5-min-2-scaled-1-1024x1024.jpg\" alt=\"\" srcset=\"https:\/\/www.matura-home.es\/wp-content\/uploads\/2025\/02\/5-min-2-scaled-1-1024x1024.jpg 1024w, https:\/\/www.matura-home.es\/wp-content\/uploads\/2025\/02\/5-min-2-scaled-1-300x300.jpg 300w, https:\/\/www.matura-home.es\/wp-content\/uploads\/2025\/02\/5-min-2-scaled-1-150x150.jpg 150w, https:\/\/www.matura-home.es\/wp-content\/uploads\/2025\/02\/5-min-2-scaled-1-768x768.jpg 768w, https:\/\/www.matura-home.es\/wp-content\/uploads\/2025\/02\/5-min-2-scaled-1-1536x1536.jpg 1536w, https:\/\/www.matura-home.es\/wp-content\/uploads\/2025\/02\/5-min-2-scaled-1-1080x1080.jpg 1080w, https:\/\/www.matura-home.es\/wp-content\/uploads\/2025\/02\/5-min-2-scaled-1-1280x1280.jpg 1280w, https:\/\/www.matura-home.es\/wp-content\/uploads\/2025\/02\/5-min-2-scaled-1-980x980.jpg 980w, https:\/\/www.matura-home.es\/wp-content\/uploads\/2025\/02\/5-min-2-scaled-1-480x480.jpg 480w, https:\/\/www.matura-home.es\/wp-content\/uploads\/2025\/02\/5-min-2-scaled-1-600x600.jpg 600w, https:\/\/www.matura-home.es\/wp-content\/uploads\/2025\/02\/5-min-2-scaled-1-100x100.jpg 100w, https:\/\/www.matura-home.es\/wp-content\/uploads\/2025\/02\/5-min-2-scaled-1.jpg 1920w\" sizes=\"(max-width: 1024px) 100vw, 1024px\" \/>\t\t\t\t\t\t\t\t\t\t\t\t\t\t\t\n\t\t\t\t\t\t\t\t\t<h3>\n\t\t\t\t\t\t\t(4,8) 23 ocen\t\t\t\t\t\t\n\t\t\t\t\t<\/h3>\n\t\t\t\t\t<h2>OMB7011PY<\/h2>\t\t\t\t\n\t\t\t\t\t<h2>Construido en\n<\/h2>\t\t\t\t\n\t\tVe\u010dnamenska pe\u010dica\nNe glede na to, ali radi kuhate zdravo ali\npa ste ljubitelji sladkega pe\u010denja, je\nve\u010dnamenska pe\u010dica vredna nakupa.\t\t\n\t\t\t\t\t<a href=\"#\">\n\t\t\t\t\t\t\t\t\tA\u00f1adir a la cesta\n\t\t\t\t\t<\/a>\n\t\t\t\t\t<a href=\"#\">\n\t\t\t\t\t\t\t\t\tM\u00e1s detalles\n\t\t\t\t\t<\/a>\n\t\t\t\t\t<h2>Datos personales\n<\/h2>\t\t\t\t\n\t\t\t\t\t<h2>\nElija un m\u00e9todo de pago,\neso te conviene.<\/h2>\t\t\t\t\n\t\t\t\t\t\t\t\t\t\t\t\t\t\t\t<img loading=\"lazy\" decoding=\"async\" width=\"224\" height=\"69\" src=\"https:\/\/www.matura-home.es\/wp-content\/uploads\/2025\/02\/visa.png\" alt=\"\" \/>\t\t\t\t\t\t\t\t\t\t\t\t\t\t\t\n\t\t\t\t\t<h2>Por tarjeta bancaria\n<\/h2>\t\t\t\t\n\t\tEn nuestra web podr\u00e1s optar por pagar con tarjeta y pagar tu compra con cualquier sistema de pago\n\t\t\t\t\t\t\t\t\t\t\t\t\t\t\t<img loading=\"lazy\" decoding=\"async\" width=\"124\" height=\"69\" src=\"https:\/\/www.matura-home.es\/wp-content\/uploads\/2025\/02\/hands.png\" alt=\"\" \/>\t\t\t\t\t\t\t\t\t\t\t\t\t\t\t\n\t\t\t\t\t<h2>Periodo de reembolso\n<\/h2>\t\t\t\t\n\t\tPuedes devolver el producto dentro de los 14 d\u00edas siguientes a la fecha de compra.\n\t\t\t\t\t<h2>Entrega.<\/h2>\t\t\t\t\n\t\t\t\t\t<h2>Elige un\npago conveniente\nm\u00e9todo para ti.<\/h2>\t\t\t\t\n\t\t\t\t\t\t\t\t\t\t\t\t\t\t\t<img loading=\"lazy\" decoding=\"async\" width=\"112\" height=\"75\" src=\"https:\/\/www.matura-home.es\/wp-content\/uploads\/2025\/02\/bus.png\" alt=\"\" \/>\t\t\t\t\t\t\t\t\t\t\t\t\t\t\t\n\t\t\t\t\t<h2>Por tarjeta bancaria\n<\/h2>\t\t\t\t\n\t\tEn nuestra web podr\u00e1s optar por pagar con tarjeta y pagar tu compra con cualquier sistema de pago\n\t\t\t\t\t\t\t\t\t\t\t\t\t\t\t<img loading=\"lazy\" decoding=\"async\" width=\"113\" height=\"90\" src=\"https:\/\/www.matura-home.es\/wp-content\/uploads\/2025\/02\/box.png\" alt=\"\" \/>\t\t\t\t\t\t\t\t\t\t\t\t\t\t\t\n\t\t\t\t\t<h2>t\u00e9rminos de negocio\n<\/h2>\t\t\t\t\n\t\tEsta pol\u00edtica de devoluci\u00f3n est\u00e1 sujeta a t\u00e9rminos y condiciones espec\u00edficos, que pueden incluir factores como el estado del producto, si ha sido utilizado, si se encuentra en su embalaje original, etc.","protected":false},"excerpt":{"rendered":"<p>Eliminar art\u00edculo Imagen en miniatura Producto Precio Cantidad Subtotal &times; MATO1508 &#36;100.00 MATO1508 cantidad &#36;100.00 &times; MATO1509 &#36;100.00 MATO1509 cantidad &#36;100.00 Aplicar cup\u00f3n Totales del carrito Subtotal &#36;200.00 Total &#36;200.00 Pasar por la caja Datos personales Productos presentados (4,8) 23 ocen OMB7011PY Construido en Ve\u010dnamenska pe\u010dica V\u0161e\u010d vam bo udobje, ki ga zagotavlja na\u0161 nadzorni [&hellip;]<\/p>\n","protected":false},"author":1,"featured_media":0,"parent":0,"menu_order":0,"comment_status":"closed","ping_status":"closed","template":"elementor_header_footer","meta":{"_et_pb_use_builder":"","_et_pb_old_content":"","_et_gb_content_width":"","footnotes":""},"class_list":["post-13193","page","type-page","status-publish","hentry","_wholesalex wsx-wholesalex-product"],"_links":{"self":[{"href":"https:\/\/www.matura-home.es\/es\/wp-json\/wp\/v2\/pages\/13193","targetHints":{"allow":["GET"]}}],"collection":[{"href":"https:\/\/www.matura-home.es\/es\/wp-json\/wp\/v2\/pages"}],"about":[{"href":"https:\/\/www.matura-home.es\/es\/wp-json\/wp\/v2\/types\/page"}],"author":[{"embeddable":true,"href":"https:\/\/www.matura-home.es\/es\/wp-json\/wp\/v2\/users\/1"}],"replies":[{"embeddable":true,"href":"https:\/\/www.matura-home.es\/es\/wp-json\/wp\/v2\/comments?post=13193"}],"version-history":[{"count":7,"href":"https:\/\/www.matura-home.es\/es\/wp-json\/wp\/v2\/pages\/13193\/revisions"}],"predecessor-version":[{"id":13213,"href":"https:\/\/www.matura-home.es\/es\/wp-json\/wp\/v2\/pages\/13193\/revisions\/13213"}],"wp:attachment":[{"href":"https:\/\/www.matura-home.es\/es\/wp-json\/wp\/v2\/media?parent=13193"}],"curies":[{"name":"wp","href":"https:\/\/api.w.org\/{rel}","templated":true}]}}