{"id":12711,"date":"2025-01-13T07:23:01","date_gmt":"2025-01-13T07:23:01","guid":{"rendered":"https:\/\/www.matura-home.es\/?page_id=12711"},"modified":"2025-02-17T09:32:32","modified_gmt":"2025-02-17T09:32:32","slug":"lavaplatos","status":"publish","type":"page","link":"https:\/\/www.matura-home.es\/es\/lavaplatos\/","title":{"rendered":"Lavaplatos"},"content":{"rendered":"<p>[et_pb_section fb_built=&#8221;1&#8243; _builder_version=&#8221;4.27.4&#8243; _module_preset=&#8221;default&#8221; background_image=&#8221;https:\/\/www.matura-home.es\/wp-content\/uploads\/2021\/12\/MaturaKitchen-02-1.png&#8221; min_height=&#8221;40vh&#8221; locked=&#8221;off&#8221; global_colors_info=&#8221;{}&#8221;][et_pb_row _builder_version=&#8221;4.27.4&#8243; _module_preset=&#8221;default&#8221; global_colors_info=&#8221;{}&#8221;][et_pb_column type=&#8221;4_4&#8243; _builder_version=&#8221;4.27.4&#8243; _module_preset=&#8221;default&#8221; global_colors_info=&#8221;{}&#8221;][\/et_pb_column][\/et_pb_row][\/et_pb_section][et_pb_section fb_built=&#8221;1&#8243; _builder_version=&#8221;4.27.4&#8243; _module_preset=&#8221;default&#8221; locked=&#8221;off&#8221; global_colors_info=&#8221;{}&#8221;][et_pb_row column_structure=&#8221;1_3,1_3,1_3&#8243; use_custom_gutter=&#8221;on&#8221; gutter_width=&#8221;2&#8243; make_equal=&#8221;on&#8221; _builder_version=&#8221;4.27.4&#8243; _module_preset=&#8221;default&#8221; global_colors_info=&#8221;{}&#8221;][et_pb_column type=&#8221;1_3&#8243; _builder_version=&#8221;4.27.4&#8243; _module_preset=&#8221;default&#8221; custom_padding=&#8221;20px|30px|30px|30px|false|true&#8221; border_radii=&#8221;on|5px|5px|5px|5px&#8221; box_shadow_style=&#8221;preset1&#8243; box_shadow_blur=&#8221;30px&#8221; box_shadow_color=&#8221;rgba(0,0,0,0.2)&#8221; global_colors_info=&#8221;{}&#8221;][et_pb_heading title=&#8221;DSBI0811&#8243; _builder_version=&#8221;4.27.4&#8243; _module_preset=&#8221;default&#8221; title_font=&#8221;Rubik||||||||&#8221; title_text_align=&#8221;left&#8221; title_text_color=&#8221;#54595f&#8221; title_font_size=&#8221;14px&#8221; title_text_align_tablet=&#8221;left&#8221; title_text_align_phone=&#8221;left&#8221; title_text_align_last_edited=&#8221;on|desktop&#8221; global_colors_info=&#8221;{}&#8221;][\/et_pb_heading][et_pb_heading title=&#8221;semi-empotrable&#8221; _builder_version=&#8221;4.27.4&#8243; _module_preset=&#8221;default&#8221; title_font=&#8221;Maven Pro|700|||||||&#8221; title_text_align=&#8221;left&#8221; title_text_color=&#8221;#54595f&#8221; title_font_size=&#8221;20px&#8221; custom_margin=&#8221;-15px||||false|false&#8221; global_colors_info=&#8221;{}&#8221;][\/et_pb_heading][et_pb_heading title=&#8221;Lavavajillas&#8221; _builder_version=&#8221;4.27.4&#8243; _module_preset=&#8221;default&#8221; title_font=&#8221;Rubik||||||||&#8221; title_text_align=&#8221;left&#8221; title_text_color=&#8221;#54595f&#8221; title_font_size=&#8221;18px&#8221; custom_margin=&#8221;-10px||||false|false&#8221; global_colors_info=&#8221;{}&#8221;][\/et_pb_heading][et_pb_image src=&#8221;https:\/\/www.matura-home.es\/wp-content\/uploads\/2025\/01\/DISHWASHER-IMG-1.jpg&#8221; title_text=&#8221;DISHWASHER IMG 1&#8243; url=&#8221;@ET-DC@eyJkeW5hbWljIjp0cnVlLCJjb250ZW50IjoicG9zdF9saW5rX3VybF9wYWdlIiwic2V0dGluZ3MiOnsicG9zdF9pZCI6IjEyODA0In19@&#8221; _builder_version=&#8221;4.27.4&#8243; _dynamic_attributes=&#8221;url&#8221; _module_preset=&#8221;default&#8221; max_width=&#8221;60%&#8221; module_alignment=&#8221;left&#8221; global_colors_info=&#8221;{}&#8221;][\/et_pb_image][et_pb_image src=&#8221;https:\/\/www.matura-home.es\/wp-content\/uploads\/2025\/01\/One-Row-5-1024&#215;140-1.png&#8221; title_text=&#8221;One-Row-5-1024&#215;140&#8243; _builder_version=&#8221;4.27.4&#8243; _module_preset=&#8221;default&#8221; global_colors_info=&#8221;{}&#8221;][\/et_pb_image][et_pb_image src=&#8221;https:\/\/www.matura-home.es\/wp-content\/uploads\/2024\/07\/E.png&#8221; title_text=&#8221;E.png&#8221; _builder_version=&#8221;4.27.4&#8243; _module_preset=&#8221;default&#8221; positioning=&#8221;absolute&#8221; position_origin_a=&#8221;center_right&#8221; horizontal_offset=&#8221;40px&#8221; width=&#8221;100%&#8221; max_width=&#8221;15%&#8221; custom_margin=&#8221;-70px||||false|false&#8221; global_colors_info=&#8221;{}&#8221;][\/et_pb_image][et_pb_text _builder_version=&#8221;4.27.4&#8243; _module_preset=&#8221;default&#8221; global_colors_info=&#8221;{}&#8221;]Hemos creado un lavavajillas y secador compacto que se puede integrar en su cocina con un panel de control[\/et_pb_text][et_pb_heading title=&#8221;M\u00e1s&#8221; url=&#8221;@ET-DC@eyJkeW5hbWljIjp0cnVlLCJjb250ZW50IjoicG9zdF9saW5rX3VybF9wYWdlIiwic2V0dGluZ3MiOnsicG9zdF9pZCI6IjEyODA0In19@&#8221; _builder_version=&#8221;4.27.4&#8243; _dynamic_attributes=&#8221;url&#8221; _module_preset=&#8221;default&#8221; title_font=&#8221;Maven Pro|600|||||||&#8221; title_text_align=&#8221;center&#8221; title_text_color=&#8221;#82badf&#8221; title_font_size=&#8221;18px&#8221; background_enable_color=&#8221;off&#8221; max_width=&#8221;36%&#8221; module_alignment=&#8221;left&#8221; custom_padding=&#8221;7px||||false|false&#8221; border_radii=&#8221;on|5px|5px|5px|5px&#8221; border_width_all=&#8221;2px&#8221; border_color_all=&#8221;#82badf&#8221; global_colors_info=&#8221;{}&#8221;][\/et_pb_heading][et_pb_wc_add_to_cart product=&#8221;13145&#8243; show_quantity=&#8221;off&#8221; show_stock=&#8221;off&#8221; _builder_version=&#8221;4.27.4&#8243; _module_preset=&#8221;default&#8221; field_label_font_size=&#8221;18px&#8221; fields_text_align=&#8221;left&#8221; custom_button=&#8221;on&#8221; button_text_size=&#8221;18px&#8221; text_orientation=&#8221;justified&#8221; max_width=&#8221;59%&#8221; module_alignment=&#8221;right&#8221; hover_enabled=&#8221;0&#8243; global_colors_info=&#8221;{}&#8221; button_use_icon=&#8221;off&#8221; sticky_enabled=&#8221;0&#8243; custom_margin=&#8221;-60px||||false|false&#8221; locked=&#8221;off&#8221;][\/et_pb_wc_add_to_cart][\/et_pb_column][et_pb_column type=&#8221;1_3&#8243; _builder_version=&#8221;4.27.4&#8243; _module_preset=&#8221;default&#8221; custom_padding=&#8221;20px|30px|30px|30px|false|true&#8221; border_radii=&#8221;on|5px|5px|5px|5px&#8221; box_shadow_style=&#8221;preset1&#8243; box_shadow_blur=&#8221;30px&#8221; box_shadow_color=&#8221;rgba(0,0,0,0.2)&#8221; global_colors_info=&#8221;{}&#8221;][et_pb_heading title=&#8221;DFBI0911&#8243; _builder_version=&#8221;4.27.4&#8243; _module_preset=&#8221;default&#8221; title_font=&#8221;Rubik||||||||&#8221; title_text_align=&#8221;left&#8221; title_text_color=&#8221;#54595f&#8221; title_font_size=&#8221;14px&#8221; title_text_align_tablet=&#8221;left&#8221; title_text_align_phone=&#8221;left&#8221; title_text_align_last_edited=&#8221;on|desktop&#8221; global_colors_info=&#8221;{}&#8221;][\/et_pb_heading][et_pb_heading title=&#8221;totalmente integrado&#8221; _builder_version=&#8221;4.27.4&#8243; _module_preset=&#8221;default&#8221; title_font=&#8221;Maven Pro|700|||||||&#8221; title_text_align=&#8221;left&#8221; title_text_color=&#8221;#54595f&#8221; title_font_size=&#8221;20px&#8221; custom_margin=&#8221;-15px||||false|false&#8221; global_colors_info=&#8221;{}&#8221;][\/et_pb_heading][et_pb_heading title=&#8221;Lavavajillas&#8221; _builder_version=&#8221;4.27.4&#8243; _module_preset=&#8221;default&#8221; title_font=&#8221;Rubik||||||||&#8221; title_text_align=&#8221;left&#8221; title_text_color=&#8221;#54595f&#8221; title_font_size=&#8221;18px&#8221; custom_margin=&#8221;-10px||||false|false&#8221; global_colors_info=&#8221;{}&#8221;][\/et_pb_heading][et_pb_image src=&#8221;https:\/\/www.matura-home.es\/wp-content\/uploads\/2025\/01\/DISHWASHER-IMG-2.jpg&#8221; title_text=&#8221;DISHWASHER IMG 2&#8243; url=&#8221;@ET-DC@eyJkeW5hbWljIjp0cnVlLCJjb250ZW50IjoicG9zdF9saW5rX3VybF9wYWdlIiwic2V0dGluZ3MiOnsicG9zdF9pZCI6IjEyODA2In19@&#8221; _builder_version=&#8221;4.27.4&#8243; _dynamic_attributes=&#8221;url&#8221; _module_preset=&#8221;default&#8221; max_width=&#8221;83%&#8221; module_alignment=&#8221;left&#8221; global_colors_info=&#8221;{}&#8221;][\/et_pb_image][et_pb_image src=&#8221;https:\/\/www.matura-home.es\/wp-content\/uploads\/2025\/01\/One-Row-5-1024&#215;140-1.png&#8221; title_text=&#8221;One-Row-5-1024&#215;140&#8243; _builder_version=&#8221;4.27.4&#8243; _module_preset=&#8221;default&#8221; global_colors_info=&#8221;{}&#8221;][\/et_pb_image][et_pb_image src=&#8221;https:\/\/www.matura-home.es\/wp-content\/uploads\/2024\/07\/E.png&#8221; title_text=&#8221;E.png&#8221; _builder_version=&#8221;4.27.4&#8243; _module_preset=&#8221;default&#8221; positioning=&#8221;absolute&#8221; position_origin_a=&#8221;center_right&#8221; horizontal_offset=&#8221;40px&#8221; width=&#8221;100%&#8221; max_width=&#8221;15%&#8221; custom_margin=&#8221;-70px||||false|false&#8221; global_colors_info=&#8221;{}&#8221;][\/et_pb_image][et_pb_text _builder_version=&#8221;4.27.4&#8243; _module_preset=&#8221;default&#8221; global_colors_info=&#8221;{}&#8221;]Deje de pasar horas del d\u00eda encorvado sobre el fregadero y empiece a poner su cocina en perfecto estado sin esfuerzo.[\/et_pb_text][et_pb_heading title=&#8221;M\u00e1s&#8221; url=&#8221;@ET-DC@eyJkeW5hbWljIjp0cnVlLCJjb250ZW50IjoicG9zdF9saW5rX3VybF9wYWdlIiwic2V0dGluZ3MiOnsicG9zdF9pZCI6IjEyODA2In19@&#8221; _builder_version=&#8221;4.27.4&#8243; _dynamic_attributes=&#8221;url&#8221; _module_preset=&#8221;default&#8221; title_font=&#8221;Maven Pro|600|||||||&#8221; title_text_align=&#8221;center&#8221; title_text_color=&#8221;#82badf&#8221; title_font_size=&#8221;18px&#8221; background_enable_color=&#8221;off&#8221; max_width=&#8221;36%&#8221; module_alignment=&#8221;left&#8221; custom_padding=&#8221;7px||||false|false&#8221; border_radii=&#8221;on|5px|5px|5px|5px&#8221; border_width_all=&#8221;2px&#8221; border_color_all=&#8221;#82badf&#8221; global_colors_info=&#8221;{}&#8221;][\/et_pb_heading][et_pb_wc_add_to_cart product=&#8221;13147&#8243; show_quantity=&#8221;off&#8221; show_stock=&#8221;off&#8221; _builder_version=&#8221;4.27.4&#8243; _module_preset=&#8221;default&#8221; field_label_font_size=&#8221;18px&#8221; fields_text_align=&#8221;left&#8221; custom_button=&#8221;on&#8221; button_text_size=&#8221;18px&#8221; text_orientation=&#8221;justified&#8221; max_width=&#8221;59%&#8221; module_alignment=&#8221;right&#8221; hover_enabled=&#8221;0&#8243; global_colors_info=&#8221;{}&#8221; button_use_icon=&#8221;off&#8221; sticky_enabled=&#8221;0&#8243; custom_margin=&#8221;-60px||||false|false&#8221; locked=&#8221;off&#8221;][\/et_pb_wc_add_to_cart][\/et_pb_column][et_pb_column type=&#8221;1_3&#8243; _builder_version=&#8221;4.27.4&#8243; _module_preset=&#8221;default&#8221; custom_padding=&#8221;20px|30px|30px|30px|false|true&#8221; border_radii=&#8221;on|5px|5px|5px|5px&#8221; box_shadow_style=&#8221;preset1&#8243; box_shadow_blur=&#8221;30px&#8221; box_shadow_color=&#8221;rgba(0,0,0,0.2)&#8221; global_colors_info=&#8221;{}&#8221;][et_pb_heading title=&#8221;DFS08011W&#8221; _builder_version=&#8221;4.27.4&#8243; _module_preset=&#8221;default&#8221; title_font=&#8221;Rubik||||||||&#8221; title_text_align=&#8221;left&#8221; title_text_color=&#8221;#54595f&#8221; title_font_size=&#8221;14px&#8221; title_text_align_tablet=&#8221;left&#8221; title_text_align_phone=&#8221;left&#8221; title_text_align_last_edited=&#8221;on|desktop&#8221; global_colors_info=&#8221;{}&#8221;][\/et_pb_heading][et_pb_heading title=&#8221;independiente&#8221; _builder_version=&#8221;4.27.4&#8243; _module_preset=&#8221;default&#8221; title_font=&#8221;Maven Pro|700|||||||&#8221; title_text_align=&#8221;left&#8221; title_text_color=&#8221;#54595f&#8221; title_font_size=&#8221;20px&#8221; custom_margin=&#8221;-15px||||false|false&#8221; global_colors_info=&#8221;{}&#8221;][\/et_pb_heading][et_pb_heading title=&#8221;Lavavajillas&#8221; _builder_version=&#8221;4.27.4&#8243; _module_preset=&#8221;default&#8221; title_font=&#8221;Rubik||||||||&#8221; title_text_align=&#8221;left&#8221; title_text_color=&#8221;#54595f&#8221; title_font_size=&#8221;18px&#8221; custom_margin=&#8221;-10px||||false|false&#8221; global_colors_info=&#8221;{}&#8221;][\/et_pb_heading][et_pb_image src=&#8221;https:\/\/www.matura-home.es\/wp-content\/uploads\/2025\/01\/DISHWASHER-IMG-3.jpg&#8221; title_text=&#8221;DISHWASHER IMG 3&#8243; url=&#8221;@ET-DC@eyJkeW5hbWljIjp0cnVlLCJjb250ZW50IjoicG9zdF9saW5rX3VybF9wYWdlIiwic2V0dGluZ3MiOnsicG9zdF9pZCI6IjEyODA4In19@&#8221; _builder_version=&#8221;4.27.4&#8243; _dynamic_attributes=&#8221;url&#8221; _module_preset=&#8221;default&#8221; max_width=&#8221;60%&#8221; module_alignment=&#8221;left&#8221; global_colors_info=&#8221;{}&#8221;][\/et_pb_image][et_pb_image src=&#8221;https:\/\/www.matura-home.es\/wp-content\/uploads\/2025\/01\/One-Row-5-1024&#215;140-1.png&#8221; title_text=&#8221;One-Row-5-1024&#215;140&#8243; _builder_version=&#8221;4.27.4&#8243; _module_preset=&#8221;default&#8221; global_colors_info=&#8221;{}&#8221;][\/et_pb_image][et_pb_image src=&#8221;https:\/\/www.matura-home.es\/wp-content\/uploads\/2024\/07\/E.png&#8221; title_text=&#8221;E.png&#8221; _builder_version=&#8221;4.27.4&#8243; _module_preset=&#8221;default&#8221; positioning=&#8221;absolute&#8221; position_origin_a=&#8221;center_right&#8221; horizontal_offset=&#8221;40px&#8221; width=&#8221;100%&#8221; max_width=&#8221;15%&#8221; custom_margin=&#8221;-70px||||false|false&#8221; global_colors_info=&#8221;{}&#8221;][\/et_pb_image][et_pb_text _builder_version=&#8221;4.27.4&#8243; _module_preset=&#8221;default&#8221; global_colors_info=&#8221;{}&#8221;]Hemos dise\u00f1ado este maravilloso aparato para combatir las manchas dif\u00edciles de los alimentos sin dejar de ser[\/et_pb_text][et_pb_heading title=&#8221;M\u00e1s&#8221; url=&#8221;@ET-DC@eyJkeW5hbWljIjp0cnVlLCJjb250ZW50IjoicG9zdF9saW5rX3VybF9wYWdlIiwic2V0dGluZ3MiOnsicG9zdF9pZCI6IjEyODA4In19@&#8221; _builder_version=&#8221;4.27.4&#8243; _dynamic_attributes=&#8221;url&#8221; _module_preset=&#8221;default&#8221; title_font=&#8221;Maven Pro|600|||||||&#8221; title_text_align=&#8221;center&#8221; title_text_color=&#8221;#82badf&#8221; title_font_size=&#8221;18px&#8221; background_enable_color=&#8221;off&#8221; max_width=&#8221;36%&#8221; module_alignment=&#8221;left&#8221; custom_padding=&#8221;7px||||false|false&#8221; border_radii=&#8221;on|5px|5px|5px|5px&#8221; border_width_all=&#8221;2px&#8221; border_color_all=&#8221;#82badf&#8221; global_colors_info=&#8221;{}&#8221;][\/et_pb_heading][et_pb_wc_add_to_cart product=&#8221;13149&#8243; show_quantity=&#8221;off&#8221; show_stock=&#8221;off&#8221; _builder_version=&#8221;4.27.4&#8243; _module_preset=&#8221;default&#8221; field_label_font_size=&#8221;18px&#8221; fields_text_align=&#8221;left&#8221; custom_button=&#8221;on&#8221; button_text_size=&#8221;18px&#8221; text_orientation=&#8221;justified&#8221; max_width=&#8221;59%&#8221; module_alignment=&#8221;right&#8221; hover_enabled=&#8221;0&#8243; global_colors_info=&#8221;{}&#8221; button_use_icon=&#8221;off&#8221; sticky_enabled=&#8221;0&#8243; custom_margin=&#8221;-60px||||false|false&#8221; locked=&#8221;off&#8221;][\/et_pb_wc_add_to_cart][\/et_pb_column][\/et_pb_row][\/et_pb_section]<\/p>\n","protected":false},"excerpt":{"rendered":"<p>Hemos creado un lavavajillas y secador compacto que se puede integrar en su cocina con un panel de controlDeje de pasar horas del d\u00eda encorvado sobre el fregadero y empiece a poner su cocina en perfecto estado sin esfuerzo.Hemos dise\u00f1ado este maravilloso aparato para combatir las manchas dif\u00edciles de los alimentos sin dejar de ser<\/p>","protected":false},"author":1,"featured_media":0,"parent":0,"menu_order":0,"comment_status":"closed","ping_status":"closed","template":"","meta":{"_et_pb_use_builder":"on","_et_pb_old_content":"","_et_gb_content_width":"","footnotes":""},"class_list":["post-12711","page","type-page","status-publish","hentry","_wholesalex wsx-wholesalex-product"],"_links":{"self":[{"href":"https:\/\/www.matura-home.es\/es\/wp-json\/wp\/v2\/pages\/12711","targetHints":{"allow":["GET"]}}],"collection":[{"href":"https:\/\/www.matura-home.es\/es\/wp-json\/wp\/v2\/pages"}],"about":[{"href":"https:\/\/www.matura-home.es\/es\/wp-json\/wp\/v2\/types\/page"}],"author":[{"embeddable":true,"href":"https:\/\/www.matura-home.es\/es\/wp-json\/wp\/v2\/users\/1"}],"replies":[{"embeddable":true,"href":"https:\/\/www.matura-home.es\/es\/wp-json\/wp\/v2\/comments?post=12711"}],"version-history":[{"count":3,"href":"https:\/\/www.matura-home.es\/es\/wp-json\/wp\/v2\/pages\/12711\/revisions"}],"predecessor-version":[{"id":13301,"href":"https:\/\/www.matura-home.es\/es\/wp-json\/wp\/v2\/pages\/12711\/revisions\/13301"}],"wp:attachment":[{"href":"https:\/\/www.matura-home.es\/es\/wp-json\/wp\/v2\/media?parent=12711"}],"curies":[{"name":"wp","href":"https:\/\/api.w.org\/{rel}","templated":true}]}}