{"id":12709,"date":"2025-01-13T07:23:01","date_gmt":"2025-01-13T07:23:01","guid":{"rendered":"https:\/\/www.matura-home.es\/?page_id=12709"},"modified":"2025-02-17T09:29:04","modified_gmt":"2025-02-17T09:29:04","slug":"secadoras","status":"publish","type":"page","link":"https:\/\/www.matura-home.es\/es\/secadoras\/","title":{"rendered":"Secadoras"},"content":{"rendered":"<p>[et_pb_section fb_built=&#8221;1&#8243; _builder_version=&#8221;4.27.4&#8243; _module_preset=&#8221;default&#8221; background_image=&#8221;https:\/\/www.matura-home.es\/wp-content\/uploads\/2022\/04\/Dryer-Banner.jpg&#8221; min_height=&#8221;40vh&#8221; locked=&#8221;off&#8221; global_colors_info=&#8221;{}&#8221;][et_pb_row _builder_version=&#8221;4.27.4&#8243; _module_preset=&#8221;default&#8221; global_colors_info=&#8221;{}&#8221;][et_pb_column type=&#8221;4_4&#8243; _builder_version=&#8221;4.27.4&#8243; _module_preset=&#8221;default&#8221; global_colors_info=&#8221;{}&#8221;][\/et_pb_column][\/et_pb_row][\/et_pb_section][et_pb_section fb_built=&#8221;1&#8243; _builder_version=&#8221;4.27.4&#8243; _module_preset=&#8221;default&#8221; locked=&#8221;off&#8221; global_colors_info=&#8221;{}&#8221;][et_pb_row column_structure=&#8221;1_3,1_3,1_3&#8243; use_custom_gutter=&#8221;on&#8221; gutter_width=&#8221;2&#8243; make_equal=&#8221;on&#8221; _builder_version=&#8221;4.27.4&#8243; _module_preset=&#8221;default&#8221; global_colors_info=&#8221;{}&#8221;][et_pb_column type=&#8221;1_3&#8243; _builder_version=&#8221;4.27.4&#8243; _module_preset=&#8221;default&#8221; custom_padding=&#8221;20px|30px|30px|30px|false|true&#8221; border_radii=&#8221;on|5px|5px|5px|5px&#8221; box_shadow_style=&#8221;preset1&#8243; box_shadow_blur=&#8221;30px&#8221; box_shadow_color=&#8221;rgba(0,0,0,0.2)&#8221; global_colors_info=&#8221;{}&#8221;][et_pb_heading title=&#8221;MAD2108R&#8221; _builder_version=&#8221;4.27.4&#8243; _module_preset=&#8221;default&#8221; title_font=&#8221;Rubik||||||||&#8221; title_text_align=&#8221;left&#8221; title_text_color=&#8221;#54595f&#8221; title_font_size=&#8221;14px&#8221; title_text_align_tablet=&#8221;left&#8221; title_text_align_phone=&#8221;left&#8221; title_text_align_last_edited=&#8221;on|desktop&#8221; global_colors_info=&#8221;{}&#8221;][\/et_pb_heading][et_pb_heading title=&#8221;SUPREME LINE&#8221; _builder_version=&#8221;4.27.4&#8243; _module_preset=&#8221;default&#8221; title_font=&#8221;Maven Pro|700|||||||&#8221; title_text_align=&#8221;left&#8221; title_text_color=&#8221;#54595f&#8221; title_font_size=&#8221;20px&#8221; custom_margin=&#8221;-15px||||false|false&#8221; global_colors_info=&#8221;{}&#8221;][\/et_pb_heading][et_pb_heading title=&#8221;Secadora de condensaci\u00f3n&#8221; _builder_version=&#8221;4.27.4&#8243; _module_preset=&#8221;default&#8221; title_font=&#8221;Rubik||||||||&#8221; title_text_align=&#8221;left&#8221; title_text_color=&#8221;#54595f&#8221; title_font_size=&#8221;18px&#8221; custom_margin=&#8221;-10px||||false|false&#8221; global_colors_info=&#8221;{}&#8221;][\/et_pb_heading][et_pb_heading title=&#8221;8kg&#8221; _builder_version=&#8221;4.27.4&#8243; _module_preset=&#8221;default&#8221; title_font=&#8221;Rubik||||||||&#8221; title_text_align=&#8221;left&#8221; title_text_color=&#8221;#54595f&#8221; title_font_size=&#8221;18px&#8221; custom_margin=&#8221;-10px||||false|false&#8221; global_colors_info=&#8221;{}&#8221;][\/et_pb_heading][et_pb_image src=&#8221;https:\/\/www.matura-home.es\/wp-content\/uploads\/2024\/08\/Artboard-\u2013-1.png&#8221; title_text=&#8221;Artboard-\u2013-1.png&#8221; url=&#8221;@ET-DC@eyJkeW5hbWljIjp0cnVlLCJjb250ZW50IjoicG9zdF9saW5rX3VybF9wYWdlIiwic2V0dGluZ3MiOnsicG9zdF9pZCI6IjEyNzk2In19@&#8221; _builder_version=&#8221;4.27.4&#8243; _dynamic_attributes=&#8221;url&#8221; _module_preset=&#8221;default&#8221; max_width=&#8221;60%&#8221; module_alignment=&#8221;left&#8221; global_colors_info=&#8221;{}&#8221;][\/et_pb_image][et_pb_image src=&#8221;https:\/\/www.matura-home.es\/wp-content\/uploads\/2025\/01\/One-Row-4-1024&#215;144-1.png&#8221; title_text=&#8221;One-Row-4-1024&#215;144 (1)&#8221; _builder_version=&#8221;4.27.4&#8243; _module_preset=&#8221;default&#8221; global_colors_info=&#8221;{}&#8221;][\/et_pb_image][et_pb_image src=&#8221;https:\/\/www.matura-home.es\/wp-content\/uploads\/2024\/07\/AG-icon-1.png&#8221; title_text=&#8221;AG-icon.png&#8221; _builder_version=&#8221;4.27.4&#8243; _module_preset=&#8221;default&#8221; positioning=&#8221;absolute&#8221; position_origin_a=&#8221;center_right&#8221; horizontal_offset=&#8221;40px&#8221; width=&#8221;100%&#8221; max_width=&#8221;15%&#8221; custom_margin=&#8221;-70px||||false|false&#8221; global_colors_info=&#8221;{}&#8221;][\/et_pb_image][et_pb_text _builder_version=&#8221;4.27.4&#8243; _module_preset=&#8221;default&#8221; global_colors_info=&#8221;{}&#8221;]Consiga que su ropa est\u00e9 seca y esponjosa en unos instantes con la secadora de ropa de mayor eficiencia[\/et_pb_text][et_pb_heading title=&#8221;M\u00e1s&#8221; url=&#8221;@ET-DC@eyJkeW5hbWljIjp0cnVlLCJjb250ZW50IjoicG9zdF9saW5rX3VybF9wYWdlIiwic2V0dGluZ3MiOnsicG9zdF9pZCI6IjEyNzk2In19@&#8221; _builder_version=&#8221;4.27.4&#8243; _dynamic_attributes=&#8221;url&#8221; _module_preset=&#8221;default&#8221; title_font=&#8221;Maven Pro|600|||||||&#8221; title_text_align=&#8221;center&#8221; title_text_color=&#8221;#82badf&#8221; title_font_size=&#8221;18px&#8221; background_enable_color=&#8221;off&#8221; max_width=&#8221;36%&#8221; module_alignment=&#8221;left&#8221; custom_padding=&#8221;7px||||false|false&#8221; border_radii=&#8221;on|5px|5px|5px|5px&#8221; border_width_all=&#8221;2px&#8221; border_color_all=&#8221;#82badf&#8221; global_colors_info=&#8221;{}&#8221;][\/et_pb_heading][et_pb_wc_add_to_cart product=&#8221;13137&#8243; show_quantity=&#8221;off&#8221; show_stock=&#8221;off&#8221; _builder_version=&#8221;4.27.4&#8243; _module_preset=&#8221;default&#8221; field_label_font_size=&#8221;18px&#8221; fields_text_align=&#8221;left&#8221; custom_button=&#8221;on&#8221; button_text_size=&#8221;18px&#8221; text_orientation=&#8221;justified&#8221; max_width=&#8221;59%&#8221; module_alignment=&#8221;right&#8221; hover_enabled=&#8221;0&#8243; global_colors_info=&#8221;{}&#8221; button_use_icon=&#8221;off&#8221; sticky_enabled=&#8221;0&#8243; custom_margin=&#8221;-60px||||false|false&#8221; locked=&#8221;off&#8221;][\/et_pb_wc_add_to_cart][\/et_pb_column][et_pb_column type=&#8221;1_3&#8243; _builder_version=&#8221;4.27.4&#8243; _module_preset=&#8221;default&#8221; custom_padding=&#8221;20px|30px|30px|30px|false|true&#8221; border_radii=&#8221;on|5px|5px|5px|5px&#8221; box_shadow_style=&#8221;preset1&#8243; box_shadow_blur=&#8221;30px&#8221; box_shadow_color=&#8221;rgba(0,0,0,0.2)&#8221; global_colors_info=&#8221;{}&#8221;][et_pb_heading title=&#8221;MAD2108P&#8221; _builder_version=&#8221;4.27.4&#8243; _module_preset=&#8221;default&#8221; title_font=&#8221;Rubik||||||||&#8221; title_text_align=&#8221;left&#8221; title_text_color=&#8221;#54595f&#8221; title_font_size=&#8221;14px&#8221; title_text_align_tablet=&#8221;left&#8221; title_text_align_phone=&#8221;left&#8221; title_text_align_last_edited=&#8221;on|desktop&#8221; global_colors_info=&#8221;{}&#8221;][\/et_pb_heading][et_pb_heading title=&#8221;SUPREME LINE&#8221; _builder_version=&#8221;4.27.4&#8243; _module_preset=&#8221;default&#8221; title_font=&#8221;Maven Pro|700|||||||&#8221; title_text_align=&#8221;left&#8221; title_text_color=&#8221;#54595f&#8221; title_font_size=&#8221;20px&#8221; custom_margin=&#8221;-15px||||false|false&#8221; global_colors_info=&#8221;{}&#8221;][\/et_pb_heading][et_pb_heading title=&#8221;Secadora con bomba de calor &#8221; _builder_version=&#8221;4.27.4&#8243; _module_preset=&#8221;default&#8221; title_font=&#8221;Rubik||||||||&#8221; title_text_align=&#8221;left&#8221; title_text_color=&#8221;#54595f&#8221; title_font_size=&#8221;18px&#8221; custom_margin=&#8221;-10px||||false|false&#8221; global_colors_info=&#8221;{}&#8221;][\/et_pb_heading][et_pb_heading title=&#8221;8kg&#8221; _builder_version=&#8221;4.27.4&#8243; _module_preset=&#8221;default&#8221; title_font=&#8221;Rubik||||||||&#8221; title_text_align=&#8221;left&#8221; title_text_color=&#8221;#54595f&#8221; title_font_size=&#8221;18px&#8221; custom_margin=&#8221;-10px||||false|false&#8221; global_colors_info=&#8221;{}&#8221;][\/et_pb_heading][et_pb_image src=&#8221;https:\/\/www.matura-home.es\/wp-content\/uploads\/2024\/08\/Artboard-\u2013-1.png&#8221; title_text=&#8221;Artboard-\u2013-1.png&#8221; url=&#8221;@ET-DC@eyJkeW5hbWljIjp0cnVlLCJjb250ZW50IjoicG9zdF9saW5rX3VybF9wYWdlIiwic2V0dGluZ3MiOnsicG9zdF9pZCI6IjEyNzk4In19@&#8221; _builder_version=&#8221;4.27.4&#8243; _dynamic_attributes=&#8221;url&#8221; _module_preset=&#8221;default&#8221; max_width=&#8221;60%&#8221; module_alignment=&#8221;left&#8221; global_colors_info=&#8221;{}&#8221;][\/et_pb_image][et_pb_image src=&#8221;https:\/\/www.matura-home.es\/wp-content\/uploads\/2025\/01\/One-Row-4-1024&#215;144-1.png&#8221; title_text=&#8221;One-Row-4-1024&#215;144 (1)&#8221; _builder_version=&#8221;4.27.4&#8243; _module_preset=&#8221;default&#8221; global_colors_info=&#8221;{}&#8221;][\/et_pb_image][et_pb_image src=&#8221;https:\/\/www.matura-home.es\/wp-content\/uploads\/2024\/07\/AG-icon-1.png&#8221; title_text=&#8221;AG-icon.png&#8221; _builder_version=&#8221;4.27.4&#8243; _module_preset=&#8221;default&#8221; positioning=&#8221;absolute&#8221; position_origin_a=&#8221;center_right&#8221; horizontal_offset=&#8221;40px&#8221; width=&#8221;100%&#8221; max_width=&#8221;15%&#8221; custom_margin=&#8221;-70px||||false|false&#8221; global_colors_info=&#8221;{}&#8221;][\/et_pb_image][et_pb_text _builder_version=&#8221;4.27.4&#8243; _module_preset=&#8221;default&#8221; global_colors_info=&#8221;{}&#8221;]Le encantar\u00e1 el c\u00f3modo indicador de limpieza del filtro y la gama de programas de secado especiales que garantizan[\/et_pb_text][et_pb_heading title=&#8221;M\u00e1s&#8221; url=&#8221;@ET-DC@eyJkeW5hbWljIjp0cnVlLCJjb250ZW50IjoicG9zdF9saW5rX3VybF9wYWdlIiwic2V0dGluZ3MiOnsicG9zdF9pZCI6IjEyNzk4In19@&#8221; _builder_version=&#8221;4.27.4&#8243; _dynamic_attributes=&#8221;url&#8221; _module_preset=&#8221;default&#8221; title_font=&#8221;Maven Pro|600|||||||&#8221; title_text_align=&#8221;center&#8221; title_text_color=&#8221;#82badf&#8221; title_font_size=&#8221;18px&#8221; background_enable_color=&#8221;off&#8221; max_width=&#8221;36%&#8221; module_alignment=&#8221;left&#8221; custom_padding=&#8221;7px||||false|false&#8221; border_radii=&#8221;on|5px|5px|5px|5px&#8221; border_width_all=&#8221;2px&#8221; border_color_all=&#8221;#82badf&#8221; global_colors_info=&#8221;{}&#8221;][\/et_pb_heading][et_pb_wc_add_to_cart product=&#8221;13140&#8243; show_quantity=&#8221;off&#8221; show_stock=&#8221;off&#8221; _builder_version=&#8221;4.27.4&#8243; _module_preset=&#8221;default&#8221; field_label_font_size=&#8221;18px&#8221; fields_text_align=&#8221;left&#8221; custom_button=&#8221;on&#8221; button_text_size=&#8221;18px&#8221; text_orientation=&#8221;justified&#8221; max_width=&#8221;59%&#8221; module_alignment=&#8221;right&#8221; hover_enabled=&#8221;0&#8243; global_colors_info=&#8221;{}&#8221; button_use_icon=&#8221;off&#8221; sticky_enabled=&#8221;0&#8243; custom_margin=&#8221;-60px||||false|false&#8221; locked=&#8221;off&#8221;][\/et_pb_wc_add_to_cart][\/et_pb_column][et_pb_column type=&#8221;1_3&#8243; _builder_version=&#8221;4.27.4&#8243; _module_preset=&#8221;default&#8221; custom_padding=&#8221;20px|30px|30px|30px|false|true&#8221; border_radii=&#8221;on|5px|5px|5px|5px&#8221; box_shadow_style=&#8221;preset1&#8243; box_shadow_blur=&#8221;30px&#8221; box_shadow_color=&#8221;rgba(0,0,0,0.2)&#8221; global_colors_info=&#8221;{}&#8221;][et_pb_heading title=&#8221;MAD2109P&#8221; _builder_version=&#8221;4.27.4&#8243; _module_preset=&#8221;default&#8221; title_font=&#8221;Rubik||||||||&#8221; title_text_align=&#8221;left&#8221; title_text_color=&#8221;#54595f&#8221; title_font_size=&#8221;14px&#8221; title_text_align_tablet=&#8221;left&#8221; title_text_align_phone=&#8221;left&#8221; title_text_align_last_edited=&#8221;on|desktop&#8221; global_colors_info=&#8221;{}&#8221;][\/et_pb_heading][et_pb_heading title=&#8221;SUPREME LINE&#8221; _builder_version=&#8221;4.27.4&#8243; _module_preset=&#8221;default&#8221; title_font=&#8221;Maven Pro|700|||||||&#8221; title_text_align=&#8221;left&#8221; title_text_color=&#8221;#54595f&#8221; title_font_size=&#8221;20px&#8221; custom_margin=&#8221;-15px||||false|false&#8221; global_colors_info=&#8221;{}&#8221;][\/et_pb_heading][et_pb_heading title=&#8221;Secadora con bomba de calor&#8221; _builder_version=&#8221;4.27.4&#8243; _module_preset=&#8221;default&#8221; title_font=&#8221;Rubik||||||||&#8221; title_text_align=&#8221;left&#8221; title_text_color=&#8221;#54595f&#8221; title_font_size=&#8221;18px&#8221; custom_margin=&#8221;-10px||||false|false&#8221; global_colors_info=&#8221;{}&#8221;][\/et_pb_heading][et_pb_heading title=&#8221;9kg&#8221; _builder_version=&#8221;4.27.4&#8243; _module_preset=&#8221;default&#8221; title_font=&#8221;Rubik||||||||&#8221; title_text_align=&#8221;left&#8221; title_text_color=&#8221;#54595f&#8221; title_font_size=&#8221;18px&#8221; custom_margin=&#8221;-10px||||false|false&#8221; global_colors_info=&#8221;{}&#8221;][\/et_pb_heading][et_pb_image src=&#8221;https:\/\/www.matura-home.es\/wp-content\/uploads\/2024\/08\/Artboard-\u2013-1.png&#8221; title_text=&#8221;Artboard-\u2013-1.png&#8221; url=&#8221;@ET-DC@eyJkeW5hbWljIjp0cnVlLCJjb250ZW50IjoicG9zdF9saW5rX3VybF9wYWdlIiwic2V0dGluZ3MiOnsicG9zdF9pZCI6IjEyODAwIn19@&#8221; _builder_version=&#8221;4.27.4&#8243; _dynamic_attributes=&#8221;url&#8221; _module_preset=&#8221;default&#8221; max_width=&#8221;60%&#8221; module_alignment=&#8221;left&#8221; global_colors_info=&#8221;{}&#8221;][\/et_pb_image][et_pb_image src=&#8221;https:\/\/www.matura-home.es\/wp-content\/uploads\/2025\/01\/One-Row-4-1024&#215;144-1.png&#8221; title_text=&#8221;One-Row-4-1024&#215;144 (1)&#8221; _builder_version=&#8221;4.27.4&#8243; _module_preset=&#8221;default&#8221; global_colors_info=&#8221;{}&#8221;][\/et_pb_image][et_pb_image src=&#8221;https:\/\/www.matura-home.es\/wp-content\/uploads\/2024\/07\/AG-icon-1.png&#8221; title_text=&#8221;AG-icon.png&#8221; _builder_version=&#8221;4.27.4&#8243; _module_preset=&#8221;default&#8221; positioning=&#8221;absolute&#8221; position_origin_a=&#8221;center_right&#8221; horizontal_offset=&#8221;40px&#8221; width=&#8221;100%&#8221; max_width=&#8221;15%&#8221; custom_margin=&#8221;-70px||||false|false&#8221; global_colors_info=&#8221;{}&#8221;][\/et_pb_image][et_pb_text _builder_version=&#8221;4.27.4&#8243; _module_preset=&#8221;default&#8221; global_colors_info=&#8221;{}&#8221;]Seleccione uno de los 14 Programas de secado y nuestra Tecnolog\u00eda de 6 ondas har\u00e1 girar el tambor en m\u00faltiples[\/et_pb_text][et_pb_heading title=&#8221;M\u00e1s&#8221; url=&#8221;@ET-DC@eyJkeW5hbWljIjp0cnVlLCJjb250ZW50IjoicG9zdF9saW5rX3VybF9wYWdlIiwic2V0dGluZ3MiOnsicG9zdF9pZCI6IjEyODAwIn19@&#8221; _builder_version=&#8221;4.27.4&#8243; _dynamic_attributes=&#8221;url&#8221; _module_preset=&#8221;default&#8221; title_font=&#8221;Maven Pro|600|||||||&#8221; title_text_align=&#8221;center&#8221; title_text_color=&#8221;#82badf&#8221; title_font_size=&#8221;18px&#8221; background_enable_color=&#8221;off&#8221; max_width=&#8221;36%&#8221; module_alignment=&#8221;left&#8221; custom_padding=&#8221;7px||||false|false&#8221; border_radii=&#8221;on|5px|5px|5px|5px&#8221; border_width_all=&#8221;2px&#8221; border_color_all=&#8221;#82badf&#8221; global_colors_info=&#8221;{}&#8221;][\/et_pb_heading][et_pb_wc_add_to_cart product=&#8221;13141&#8243; show_quantity=&#8221;off&#8221; show_stock=&#8221;off&#8221; _builder_version=&#8221;4.27.4&#8243; _module_preset=&#8221;default&#8221; field_label_font_size=&#8221;18px&#8221; fields_text_align=&#8221;left&#8221; custom_button=&#8221;on&#8221; button_text_size=&#8221;18px&#8221; text_orientation=&#8221;justified&#8221; max_width=&#8221;59%&#8221; module_alignment=&#8221;right&#8221; hover_enabled=&#8221;0&#8243; global_colors_info=&#8221;{}&#8221; button_use_icon=&#8221;off&#8221; sticky_enabled=&#8221;0&#8243; custom_margin=&#8221;-60px||||false|false&#8221; locked=&#8221;off&#8221;][\/et_pb_wc_add_to_cart][\/et_pb_column][\/et_pb_row][\/et_pb_section]<\/p>\n","protected":false},"excerpt":{"rendered":"<p>Consiga que su ropa est\u00e9 seca y esponjosa en unos instantes con la secadora de ropa de mayor eficienciaLe encantar\u00e1 el c\u00f3modo indicador de limpieza del filtro y la gama de programas de secado especiales que garantizanSeleccione uno de los 14 Programas de secado y nuestra Tecnolog\u00eda de 6 ondas har\u00e1 girar el tambor en [&hellip;]<\/p>\n","protected":false},"author":1,"featured_media":0,"parent":0,"menu_order":0,"comment_status":"closed","ping_status":"closed","template":"","meta":{"_et_pb_use_builder":"on","_et_pb_old_content":"","_et_gb_content_width":"","footnotes":""},"class_list":["post-12709","page","type-page","status-publish","hentry","_wholesalex wsx-wholesalex-product"],"_links":{"self":[{"href":"https:\/\/www.matura-home.es\/es\/wp-json\/wp\/v2\/pages\/12709","targetHints":{"allow":["GET"]}}],"collection":[{"href":"https:\/\/www.matura-home.es\/es\/wp-json\/wp\/v2\/pages"}],"about":[{"href":"https:\/\/www.matura-home.es\/es\/wp-json\/wp\/v2\/types\/page"}],"author":[{"embeddable":true,"href":"https:\/\/www.matura-home.es\/es\/wp-json\/wp\/v2\/users\/1"}],"replies":[{"embeddable":true,"href":"https:\/\/www.matura-home.es\/es\/wp-json\/wp\/v2\/comments?post=12709"}],"version-history":[{"count":5,"href":"https:\/\/www.matura-home.es\/es\/wp-json\/wp\/v2\/pages\/12709\/revisions"}],"predecessor-version":[{"id":13298,"href":"https:\/\/www.matura-home.es\/es\/wp-json\/wp\/v2\/pages\/12709\/revisions\/13298"}],"wp:attachment":[{"href":"https:\/\/www.matura-home.es\/es\/wp-json\/wp\/v2\/media?parent=12709"}],"curies":[{"name":"wp","href":"https:\/\/api.w.org\/{rel}","templated":true}]}}